{"id":1377,"date":"2026-04-07T19:56:57","date_gmt":"2026-04-07T19:56:57","guid":{"rendered":"https:\/\/genovevadenim.com.ar\/?post_type=product&#038;p=1377"},"modified":"2026-04-16T18:42:34","modified_gmt":"2026-04-16T18:42:34","slug":"straight-scotland","status":"publish","type":"product","link":"https:\/\/genovevadenim.com.ar\/es\/producto\/straight-scotland\/","title":{"rendered":"Straight Scotland"},"content":{"rendered":"<p>Pantal\u00f3n r\u00edgido recto escoc\u00e9s tiro medio alto<\/p>","protected":false},"excerpt":{"rendered":"<p>Pantal\u00f3n r\u00edgido recto escoc\u00e9s tiro medio alto<\/p>","protected":false},"featured_media":1383,"template":"","meta":{"_joinchat":[]},"product_brand":[],"product_cat":[22,49],"product_tag":[98,96,61,95,97],"class_list":{"0":"post-1377","1":"product","2":"type-product","3":"status-publish","4":"has-post-thumbnail","6":"product_cat-wide-leg","7":"product_cat-ver-todos","8":"product_tag-calce-perfecto","9":"product_tag-escoces","10":"product_tag-pantalon","11":"product_tag-recto","12":"product_tag-tiro-alto","14":"first","15":"instock","16":"shipping-taxable","17":"purchasable","18":"product-type-variable"},"_links":{"self":[{"href":"https:\/\/genovevadenim.com.ar\/es\/wp-json\/wp\/v2\/product\/1377","targetHints":{"allow":["GET"]}}],"collection":[{"href":"https:\/\/genovevadenim.com.ar\/es\/wp-json\/wp\/v2\/product"}],"about":[{"href":"https:\/\/genovevadenim.com.ar\/es\/wp-json\/wp\/v2\/types\/product"}],"wp:featuredmedia":[{"embeddable":true,"href":"https:\/\/genovevadenim.com.ar\/es\/wp-json\/wp\/v2\/media\/1383"}],"wp:attachment":[{"href":"https:\/\/genovevadenim.com.ar\/es\/wp-json\/wp\/v2\/media?parent=1377"}],"wp:term":[{"taxonomy":"product_brand","embeddable":true,"href":"https:\/\/genovevadenim.com.ar\/es\/wp-json\/wp\/v2\/product_brand?post=1377"},{"taxonomy":"product_cat","embeddable":true,"href":"https:\/\/genovevadenim.com.ar\/es\/wp-json\/wp\/v2\/product_cat?post=1377"},{"taxonomy":"product_tag","embeddable":true,"href":"https:\/\/genovevadenim.com.ar\/es\/wp-json\/wp\/v2\/product_tag?post=1377"}],"curies":[{"name":"wp","href":"https:\/\/api.w.org\/{rel}","templated":true}]}}